{"id":402,"date":"2024-07-24T18:18:03","date_gmt":"2024-07-24T21:18:03","guid":{"rendered":"http:\/\/localhost\/vitte\/?page_id=402"},"modified":"2025-05-28T17:50:54","modified_gmt":"2025-05-28T20:50:54","slug":"wine-truck","status":"publish","type":"page","link":"https:\/\/vittewine.com\/es\/wine-truck\/","title":{"rendered":"Wine Truck"},"content":{"rendered":"\t\t<div data-elementor-type=\"wp-page\" data-elementor-id=\"402\" class=\"elementor elementor-402\" data-elementor-post-type=\"page\">\n\t\t\t\t<div data-particle_enable=\"false\" data-particle-mobile-disabled=\"false\" class=\"elementor-element elementor-element-5e461f4 e-flex e-con-boxed e-con e-parent\" data-id=\"5e461f4\" data-element_type=\"container\" data-settings=\"{&quot;background_background&quot;:&quot;classic&quot;}\">\n\t\t\t\t\t<div class=\"e-con-inner\">\n\t\t<div data-particle_enable=\"false\" data-particle-mobile-disabled=\"false\" class=\"elementor-element elementor-element-52ddf26 e-con-full e-flex e-con e-child\" data-id=\"52ddf26\" data-element_type=\"container\">\n\t\t\t\t<div class=\"elementor-element elementor-element-a884ba8 elementor-widget elementor-widget-heading\" data-id=\"a884ba8\" data-element_type=\"widget\" data-widget_type=\"heading.default\">\n\t\t\t\t<div class=\"elementor-widget-container\">\n\t\t\t<style>\/*! elementor - v3.23.0 - 15-07-2024 *\/\n.elementor-heading-title{padding:0;margin:0;line-height:1}.elementor-widget-heading .elementor-heading-title[class*=elementor-size-]>a{color:inherit;font-size:inherit;line-height:inherit}.elementor-widget-heading .elementor-heading-title.elementor-size-small{font-size:15px}.elementor-widget-heading .elementor-heading-title.elementor-size-medium{font-size:19px}.elementor-widget-heading .elementor-heading-title.elementor-size-large{font-size:29px}.elementor-widget-heading .elementor-heading-title.elementor-size-xl{font-size:39px}.elementor-widget-heading .elementor-heading-title.elementor-size-xxl{font-size:59px}<\/style><h2 class=\"elementor-heading-title elementor-size-default\">Wine Truck<\/h2>\t\t<\/div>\n\t\t\t\t<\/div>\n\t\t\t\t<div class=\"elementor-element elementor-element-0e12b45 elementor-widget elementor-widget-text-editor\" data-id=\"0e12b45\" data-element_type=\"widget\" data-widget_type=\"text-editor.default\">\n\t\t\t\t<div class=\"elementor-widget-container\">\n\t\t\t<style>\/*! elementor - v3.23.0 - 15-07-2024 *\/\n.elementor-widget-text-editor.elementor-drop-cap-view-stacked .elementor-drop-cap{background-color:#69727d;color:#fff}.elementor-widget-text-editor.elementor-drop-cap-view-framed .elementor-drop-cap{color:#69727d;border:3px solid;background-color:transparent}.elementor-widget-text-editor:not(.elementor-drop-cap-view-default) .elementor-drop-cap{margin-top:8px}.elementor-widget-text-editor:not(.elementor-drop-cap-view-default) .elementor-drop-cap-letter{width:1em;height:1em}.elementor-widget-text-editor .elementor-drop-cap{float:left;text-align:center;line-height:1;font-size:50px}.elementor-widget-text-editor .elementor-drop-cap-letter{display:inline-block}<\/style>\t\t\t\t<p>Nuestro Wine Truck es una innovadora soluci\u00f3n que permite llevar tu marca de vinos a cada rinc\u00f3n del pa\u00eds. Equipado con una elegante sala de degustaci\u00f3n y una tienda m\u00f3vil, ofrece una experiencia \u00fanica y sofisticada para tus clientes. Ideal para eventos, ferias y promociones, el Wine Truck te ayuda a conectar directamente con los amantes del vino, proporcionando una plataforma m\u00f3vil y vers\u00e1til para mostrar la calidad y exclusividad de tus productos.<\/p>\t\t\t\t\t\t<\/div>\n\t\t\t\t<\/div>\n\t\t\t\t<\/div>\n\t\t\t\t\t<\/div>\n\t\t\t\t<\/div>\n\t\t<div data-particle_enable=\"false\" data-particle-mobile-disabled=\"false\" class=\"elementor-element elementor-element-1e0370f e-flex e-con-boxed e-con e-parent\" data-id=\"1e0370f\" data-element_type=\"container\">\n\t\t\t\t\t<div class=\"e-con-inner\">\n\t\t<div data-particle_enable=\"false\" data-particle-mobile-disabled=\"false\" class=\"elementor-element elementor-element-6e722e7 e-con-full e-flex e-con e-child\" data-id=\"6e722e7\" data-element_type=\"container\">\n\t\t\t\t<div class=\"elementor-element elementor-element-cf113ea elementor-widget elementor-widget-heading\" data-id=\"cf113ea\" data-element_type=\"widget\" data-widget_type=\"heading.default\">\n\t\t\t\t<div class=\"elementor-widget-container\">\n\t\t\t<h2 class=\"elementor-heading-title elementor-size-default\">Tu marca puede recorrer el Pa\u00eds<\/h2>\t\t<\/div>\n\t\t\t\t<\/div>\n\t\t\t\t<div class=\"elementor-element elementor-element-9f5ecf5 elementor-widget elementor-widget-heading\" data-id=\"9f5ecf5\" data-element_type=\"widget\" data-widget_type=\"heading.default\">\n\t\t\t\t<div class=\"elementor-widget-container\">\n\t\t\t<h2 class=\"elementor-heading-title elementor-size-default\">Tenemos una sala de degustaci\u00f3n junto con un Shop M\u00f3vil<\/h2>\t\t<\/div>\n\t\t\t\t<\/div>\n\t\t\t\t<\/div>\n\t\t<div data-particle_enable=\"false\" data-particle-mobile-disabled=\"false\" class=\"elementor-element elementor-element-f047109 e-flex e-con-boxed e-con e-child\" data-id=\"f047109\" data-element_type=\"container\">\n\t\t\t\t\t<div class=\"e-con-inner\">\n\t\t\t\t<div class=\"elementor-element elementor-element-57800df bdt-skin-fedara-style-center elementor-widget elementor-widget-bdt-custom-gallery\" data-id=\"57800df\" data-element_type=\"widget\" data-settings=\"{&quot;columns&quot;:&quot;2&quot;,&quot;columns_tablet&quot;:&quot;2&quot;,&quot;columns_mobile&quot;:&quot;1&quot;}\" data-widget_type=\"bdt-custom-gallery.default\">\n\t\t\t\t<div class=\"elementor-widget-container\">\n\t\t\t\t\t<div id=\"bdt-custom-gallery-57800df\" class=\"bdt-custom-gallery bdt-skin-default bdt-grid bdt-grid-small\" data-settings=\"{&quot;id&quot;:&quot;#bdt-custom-gallery-57800df&quot;,&quot;tiltShow&quot;:false}\">\n\t\t\t\t\t<div class=\"bdt-gallery-item bdt-transition-toggle bdt-width-1-1 bdt-width-1-2@s bdt-width-1-2@m\">\n\t\t\t\t<div class=\"bdt-custom-gallery-inner\">\n\n\t\t\t\t\t\n\t\t\t\t\t\n\t\t\t\t\t\t\n\t\t<div class=\"bdt-gallery-thumbnail\">\n\n\t\t\t<img fetchpriority=\"high\" decoding=\"async\" width=\"300\" height=\"180\" src=\"https:\/\/vittewine.com\/es\/wp-content\/uploads\/sites\/2\/2024\/07\/14.webp\" class=\"attachment-medium size-medium\" alt=\"\" \/>\n\t\t<\/div>\n\t\n\t\t\t\t\t\t\t\t\t\t<\/div>\n\t\t\t<\/div>\n\n\t\t\t\t\t<div class=\"bdt-gallery-item bdt-transition-toggle bdt-width-1-1 bdt-width-1-2@s bdt-width-1-2@m\">\n\t\t\t\t<div class=\"bdt-custom-gallery-inner\">\n\n\t\t\t\t\t\n\t\t\t\t\t\n\t\t\t\t\t\t\n\t\t<div class=\"bdt-gallery-thumbnail\">\n\n\t\t\t<img decoding=\"async\" width=\"300\" height=\"174\" src=\"https:\/\/vittewine.com\/es\/wp-content\/uploads\/sites\/2\/2024\/07\/15.webp\" class=\"attachment-medium size-medium\" alt=\"\" \/>\n\t\t<\/div>\n\t\n\t\t\t\t\t\t\t\t\t\t<\/div>\n\t\t\t<\/div>\n\n\t\t\t\t\t<div class=\"bdt-gallery-item bdt-transition-toggle bdt-width-1-1 bdt-width-1-2@s bdt-width-1-2@m\">\n\t\t\t\t<div class=\"bdt-custom-gallery-inner\">\n\n\t\t\t\t\t\n\t\t\t\t\t\n\t\t\t\t\t\t\n\t\t<div class=\"bdt-gallery-thumbnail\">\n\n\t\t\t<img decoding=\"async\" width=\"300\" height=\"210\" src=\"https:\/\/vittewine.com\/es\/wp-content\/uploads\/sites\/2\/2024\/07\/16.webp\" class=\"attachment-medium size-medium\" alt=\"\" \/>\n\t\t<\/div>\n\t\n\t\t\t\t\t\t\t\t\t\t<\/div>\n\t\t\t<\/div>\n\n\t\t\t\t\t<div class=\"bdt-gallery-item bdt-transition-toggle bdt-width-1-1 bdt-width-1-2@s bdt-width-1-2@m\">\n\t\t\t\t<div class=\"bdt-custom-gallery-inner\">\n\n\t\t\t\t\t\n\t\t\t\t\t\n\t\t\t\t\t\t\n\t\t<div class=\"bdt-gallery-thumbnail\">\n\n\t\t\t<img loading=\"lazy\" decoding=\"async\" width=\"300\" height=\"137\" src=\"https:\/\/vittewine.com\/es\/wp-content\/uploads\/sites\/2\/2024\/07\/17.webp\" class=\"attachment-medium size-medium\" alt=\"\" \/>\n\t\t<\/div>\n\t\n\t\t\t\t\t\t\t\t\t\t<\/div>\n\t\t\t<\/div>\n\n\t\t\n\t\t<\/div>\n\t\t\t\t<\/div>\n\t\t\t\t<\/div>\n\t\t\t\t\t<\/div>\n\t\t\t\t<\/div>\n\t\t\t\t\t<\/div>\n\t\t\t\t<\/div>\n\t\t<div data-particle_enable=\"false\" data-particle-mobile-disabled=\"false\" class=\"elementor-element elementor-element-c9f3666 e-flex e-con-boxed e-con e-parent\" data-id=\"c9f3666\" data-element_type=\"container\">\n\t\t\t\t\t<div class=\"e-con-inner\">\n\t\t<div data-particle_enable=\"false\" data-particle-mobile-disabled=\"false\" class=\"elementor-element elementor-element-a032fde e-con-full e-flex e-con e-child\" data-id=\"a032fde\" data-element_type=\"container\">\n\t\t\t\t<div class=\"elementor-element elementor-element-996a7fe elementor-widget elementor-widget-heading\" data-id=\"996a7fe\" data-element_type=\"widget\" data-widget_type=\"heading.default\">\n\t\t\t\t<div class=\"elementor-widget-container\">\n\t\t\t<h2 class=\"elementor-heading-title elementor-size-default\">Descubr\u00ed una experiencia distinta. \u00a1Esperamos tu mensaje!<\/h2>\t\t<\/div>\n\t\t\t\t<\/div>\n\t\t\t\t<div class=\"elementor-element elementor-element-53fd46d elementor-widget elementor-widget-button\" data-id=\"53fd46d\" data-element_type=\"widget\" data-widget_type=\"button.default\">\n\t\t\t\t<div class=\"elementor-widget-container\">\n\t\t\t\t\t<div class=\"elementor-button-wrapper\">\n\t\t\t<a class=\"elementor-button elementor-button-link elementor-size-sm\" href=\"https:\/\/api.whatsapp.com\/send?phone=5491140881113&#038;text=Hola!%20Necesito%20mas%20informacion\" target=\"_blank\">\n\t\t\t\t\t\t<span class=\"elementor-button-content-wrapper\">\n\t\t\t\t\t\t<span class=\"elementor-button-icon\">\n\t\t\t\t<svg aria-hidden=\"true\" class=\"e-font-icon-svg e-fab-whatsapp\" viewBox=\"0 0 448 512\" xmlns=\"http:\/\/www.w3.org\/2000\/svg\"><path d=\"M380.9 97.1C339 55.1 283.2 32 223.9 32c-122.4 0-222 99.6-222 222 0 39.1 10.2 77.3 29.6 111L0 480l117.7-30.9c32.4 17.7 68.9 27 106.1 27h.1c122.3 0 224.1-99.6 224.1-222 0-59.3-25.2-115-67.1-157zm-157 341.6c-33.2 0-65.7-8.9-94-25.7l-6.7-4-69.8 18.3L72 359.2l-4.4-7c-18.5-29.4-28.2-63.3-28.2-98.2 0-101.7 82.8-184.5 184.6-184.5 49.3 0 95.6 19.2 130.4 54.1 34.8 34.9 56.2 81.2 56.1 130.5 0 101.8-84.9 184.6-186.6 184.6zm101.2-138.2c-5.5-2.8-32.8-16.2-37.9-18-5.1-1.9-8.8-2.8-12.5 2.8-3.7 5.6-14.3 18-17.6 21.8-3.2 3.7-6.5 4.2-12 1.4-32.6-16.3-54-29.1-75.5-66-5.7-9.8 5.7-9.1 16.3-30.3 1.8-3.7.9-6.9-.5-9.7-1.4-2.8-12.5-30.1-17.1-41.2-4.5-10.8-9.1-9.3-12.5-9.5-3.2-.2-6.9-.2-10.6-.2-3.7 0-9.7 1.4-14.8 6.9-5.1 5.6-19.4 19-19.4 46.3 0 27.3 19.9 53.7 22.6 57.4 2.8 3.7 39.1 59.7 94.8 83.8 35.2 15.2 49 16.5 66.6 13.9 10.7-1.6 32.8-13.4 37.4-26.4 4.6-13 4.6-24.1 3.2-26.4-1.3-2.5-5-3.9-10.5-6.6z\"><\/path><\/svg>\t\t\t<\/span>\n\t\t\t\t\t\t\t\t\t<span class=\"elementor-button-text\">Conversemos por WhatsApp<\/span>\n\t\t\t\t\t<\/span>\n\t\t\t\t\t<\/a>\n\t\t<\/div>\n\t\t\t\t<\/div>\n\t\t\t\t<\/div>\n\t\t\t\t<\/div>\n\t\t\t\t\t<\/div>\n\t\t\t\t<\/div>\n\t\t<div data-particle_enable=\"false\" data-particle-mobile-disabled=\"false\" class=\"elementor-element elementor-element-2e13acf7 e-flex e-con-boxed e-con e-parent\" data-id=\"2e13acf7\" data-element_type=\"container\" data-settings=\"{&quot;background_background&quot;:&quot;classic&quot;}\">\n\t\t\t\t\t<div class=\"e-con-inner\">\n\t\t<div data-particle_enable=\"false\" data-particle-mobile-disabled=\"false\" class=\"elementor-element elementor-element-523a0c75 e-con-full e-flex e-con e-child\" data-id=\"523a0c75\" data-element_type=\"container\">\n\t\t<div data-particle_enable=\"false\" data-particle-mobile-disabled=\"false\" class=\"elementor-element elementor-element-112d6a95 e-con-full e-flex e-con e-child\" data-id=\"112d6a95\" data-element_type=\"container\">\n\t\t\t\t<div class=\"elementor-element elementor-element-1f3b14fb elementor-widget elementor-widget-heading\" data-id=\"1f3b14fb\" data-element_type=\"widget\" data-widget_type=\"heading.default\">\n\t\t\t\t<div class=\"elementor-widget-container\">\n\t\t\t<h2 class=\"elementor-heading-title elementor-size-default\">Vitte Wine Truck<\/h2>\t\t<\/div>\n\t\t\t\t<\/div>\n\t\t\t\t<div class=\"elementor-element elementor-element-16fa7a09 elementor-widget elementor-widget-heading\" data-id=\"16fa7a09\" data-element_type=\"widget\" data-widget_type=\"heading.default\">\n\t\t\t\t<div class=\"elementor-widget-container\">\n\t\t\t<h2 class=\"elementor-heading-title elementor-size-default\">Ubicaci\u00f3n<\/h2>\t\t<\/div>\n\t\t\t\t<\/div>\n\t\t\t\t<\/div>\n\t\t<div data-particle_enable=\"false\" data-particle-mobile-disabled=\"false\" class=\"elementor-element elementor-element-6525a771 e-con-full e-flex e-con e-child\" data-id=\"6525a771\" data-element_type=\"container\">\n\t\t<div data-particle_enable=\"false\" data-particle-mobile-disabled=\"false\" class=\"elementor-element elementor-element-6b9ec588 e-con-full e-flex e-con e-child\" data-id=\"6b9ec588\" data-element_type=\"container\">\n\t\t\t\t<div class=\"elementor-element elementor-element-de9da8c elementor-widget elementor-widget-heading\" data-id=\"de9da8c\" data-element_type=\"widget\" data-widget_type=\"heading.default\">\n\t\t\t\t<div class=\"elementor-widget-container\">\n\t\t\t<h2 class=\"elementor-heading-title elementor-size-default\">Direcci\u00f3n<\/h2>\t\t<\/div>\n\t\t\t\t<\/div>\n\t\t\t\t<div class=\"elementor-element elementor-element-4772bfc2 elementor-widget elementor-widget-text-editor\" data-id=\"4772bfc2\" data-element_type=\"widget\" data-widget_type=\"text-editor.default\">\n\t\t\t\t<div class=\"elementor-widget-container\">\n\t\t\t\t\t\t\t<p>Av. Directorio 3233 3 A CABA<\/p>\t\t\t\t\t\t<\/div>\n\t\t\t\t<\/div>\n\t\t\t\t<\/div>\n\t\t<div data-particle_enable=\"false\" data-particle-mobile-disabled=\"false\" class=\"elementor-element elementor-element-5cb00780 e-con-full e-flex e-con e-child\" data-id=\"5cb00780\" data-element_type=\"container\">\n\t\t\t\t<div class=\"elementor-element elementor-element-32ce5874 elementor-widget elementor-widget-heading\" data-id=\"32ce5874\" data-element_type=\"widget\" data-widget_type=\"heading.default\">\n\t\t\t\t<div class=\"elementor-widget-container\">\n\t\t\t<h2 class=\"elementor-heading-title elementor-size-default\">Contacto<\/h2>\t\t<\/div>\n\t\t\t\t<\/div>\n\t\t\t\t<div class=\"elementor-element elementor-element-1e371837 elementor-widget elementor-widget-text-editor\" data-id=\"1e371837\" data-element_type=\"widget\" data-widget_type=\"text-editor.default\">\n\t\t\t\t<div class=\"elementor-widget-container\">\n\t\t\t\t\t\t\t<p>54 11 4088 1113<\/p>\t\t\t\t\t\t<\/div>\n\t\t\t\t<\/div>\n\t\t\t\t<\/div>\n\t\t\t\t<\/div>\n\t\t\t\t<\/div>\n\t\t<div data-particle_enable=\"false\" data-particle-mobile-disabled=\"false\" class=\"elementor-element elementor-element-5a4d4f60 e-con-full e-flex e-con e-child\" data-id=\"5a4d4f60\" data-element_type=\"container\">\n\t\t\t\t<div class=\"elementor-element elementor-element-2b1ad38 elementor-widget elementor-widget-google_maps\" data-id=\"2b1ad38\" data-element_type=\"widget\" data-widget_type=\"google_maps.default\">\n\t\t\t\t<div class=\"elementor-widget-container\">\n\t\t\t<style>\/*! elementor - v3.23.0 - 15-07-2024 *\/\n.elementor-widget-google_maps .elementor-widget-container{overflow:hidden}.elementor-widget-google_maps .elementor-custom-embed{line-height:0}.elementor-widget-google_maps iframe{height:300px}<\/style>\t\t<div class=\"elementor-custom-embed\">\n\t\t\t<iframe loading=\"lazy\"\n\t\t\t\t\tsrc=\"https:\/\/maps.google.com\/maps?q=Av.%20Directorio%203233%203%20A%20CABA&#038;t=m&#038;z=13&#038;output=embed&#038;iwloc=near\"\n\t\t\t\t\ttitle=\"Av. Directorio 3233 3 A CABA\"\n\t\t\t\t\taria-label=\"Av. Directorio 3233 3 A CABA\"\n\t\t\t><\/iframe>\n\t\t<\/div>\n\t\t\t\t<\/div>\n\t\t\t\t<\/div>\n\t\t\t\t<\/div>\n\t\t\t\t\t<\/div>\n\t\t\t\t<\/div>\n\t\t\t\t<\/div>\n\t\t","protected":false},"excerpt":{"rendered":"<p>Wine Truck Nuestro Wine Truck es una innovadora soluci\u00f3n que permite llevar tu marca de vinos a cada rinc\u00f3n del pa\u00eds. Equipado con una elegante sala de degustaci\u00f3n y una tienda m\u00f3vil, ofrece una experiencia \u00fanica y sofisticada para tus clientes. Ideal para eventos, ferias y promociones, el Wine Truck te ayuda a conectar directamente &hellip;<\/p>\n<p class=\"read-more\"> <a class=\"\" href=\"https:\/\/vittewine.com\/es\/wine-truck\/\"> <span class=\"screen-reader-text\">Wine Truck<\/span> Read More \u00bb<\/a><\/p>\n","protected":false},"author":5,"featured_media":0,"parent":0,"menu_order":0,"comment_status":"closed","ping_status":"closed","template":"","meta":{"site-sidebar-layout":"no-sidebar","site-content-layout":"","ast-site-content-layout":"full-width-container","site-content-style":"default","site-sidebar-style":"default","ast-global-header-display":"","ast-banner-title-visibility":"","ast-main-header-display":"","ast-hfb-above-header-display":"","ast-hfb-below-header-display":"","ast-hfb-mobile-header-display":"","site-post-title":"disabled","ast-breadcrumbs-content":"","ast-featured-img":"disabled","footer-sml-layout":"","theme-transparent-header-meta":"","adv-header-id-meta":"","stick-header-meta":"","header-above-stick-meta":"","header-main-stick-meta":"","header-below-stick-meta":"","astra-migrate-meta-layouts":"","footnotes":""},"class_list":["post-402","page","type-page","status-publish","hentry"],"_links":{"self":[{"href":"https:\/\/vittewine.com\/es\/wp-json\/wp\/v2\/pages\/402"}],"collection":[{"href":"https:\/\/vittewine.com\/es\/wp-json\/wp\/v2\/pages"}],"about":[{"href":"https:\/\/vittewine.com\/es\/wp-json\/wp\/v2\/types\/page"}],"author":[{"embeddable":true,"href":"https:\/\/vittewine.com\/es\/wp-json\/wp\/v2\/users\/5"}],"replies":[{"embeddable":true,"href":"https:\/\/vittewine.com\/es\/wp-json\/wp\/v2\/comments?post=402"}],"version-history":[{"count":28,"href":"https:\/\/vittewine.com\/es\/wp-json\/wp\/v2\/pages\/402\/revisions"}],"predecessor-version":[{"id":1174,"href":"https:\/\/vittewine.com\/es\/wp-json\/wp\/v2\/pages\/402\/revisions\/1174"}],"wp:attachment":[{"href":"https:\/\/vittewine.com\/es\/wp-json\/wp\/v2\/media?parent=402"}],"curies":[{"name":"wp","href":"https:\/\/api.w.org\/{rel}","templated":true}]}}